{"id":2809,"date":"2014-10-19T10:30:45","date_gmt":"2014-10-19T08:30:45","guid":{"rendered":"\/\/zmbss.org\/?page_id=2809"},"modified":"2026-02-06T09:33:20","modified_gmt":"2026-02-06T08:33:20","slug":"regulativa","status":"publish","type":"page","link":"https:\/\/zmbss.org\/en\/regulativa\/","title":{"rendered":"Regulation"},"content":{"rendered":"<div data-elementor-type=\"wp-page\" data-elementor-id=\"2809\" class=\"elementor elementor-2809\" data-elementor-post-type=\"page\">\n\t\t\t\t<div class=\"elementor-element elementor-element-2a879c44 e-con-full e-flex e-con e-parent\" data-id=\"2a879c44\" data-element_type=\"container\" data-e-type=\"container\" data-settings=\"{&quot;background_background&quot;:&quot;classic&quot;,&quot;background_motion_fx_motion_fx_scrolling&quot;:&quot;yes&quot;,&quot;background_motion_fx_translateY_effect&quot;:&quot;yes&quot;,&quot;shape_divider_bottom&quot;:&quot;waves&quot;,&quot;background_motion_fx_translateY_speed&quot;:{&quot;unit&quot;:&quot;px&quot;,&quot;size&quot;:4,&quot;sizes&quot;:[]},&quot;background_motion_fx_translateY_affectedRange&quot;:{&quot;unit&quot;:&quot;%&quot;,&quot;size&quot;:&quot;&quot;,&quot;sizes&quot;:{&quot;start&quot;:0,&quot;end&quot;:100}},&quot;background_motion_fx_devices&quot;:[&quot;desktop&quot;,&quot;tablet&quot;,&quot;mobile&quot;]}\">\n\t\t\t\t<div class=\"elementor-shape elementor-shape-bottom\" aria-hidden=\"true\" data-negative=\"false\">\n\t\t\t<svg xmlns=\"http:\/\/www.w3.org\/2000\/svg\" viewbox=\"0 0 1000 100\" preserveaspectratio=\"none\">\n\t<path class=\"elementor-shape-fill\" d=\"M421.9,6.5c22.6-2.5,51.5,0.4,75.5,5.3c23.6,4.9,70.9,23.5,100.5,35.7c75.8,32.2,133.7,44.5,192.6,49.7\tc23.6,2.1,48.7,3.5,103.4-2.5c54.7-6,106.2-25.6,106.2-25.6V0H0v30.3c0,0,72,32.6,158.4,30.5c39.2-0.7,92.8-6.7,134-22.4\tc21.2-8.1,52.2-18.2,79.7-24.2C399.3,7.9,411.6,7.5,421.9,6.5z\"\/>\n<\/svg>\t\t<\/div>\n\t\t<div class=\"elementor-element elementor-element-790e1e61 e-flex e-con-boxed e-con e-child\" data-id=\"790e1e61\" data-element_type=\"container\" data-e-type=\"container\">\n\t\t\t\t\t<div class=\"e-con-inner\">\n\t\t\t\t<div class=\"elementor-element elementor-element-5d727d72 elementor-widget elementor-widget-heading\" data-id=\"5d727d72\" data-element_type=\"widget\" data-e-type=\"widget\" data-settings=\"{&quot;motion_fx_motion_fx_scrolling&quot;:&quot;yes&quot;,&quot;motion_fx_translateY_effect&quot;:&quot;yes&quot;,&quot;motion_fx_translateY_affectedRange&quot;:{&quot;unit&quot;:&quot;%&quot;,&quot;size&quot;:&quot;&quot;,&quot;sizes&quot;:{&quot;start&quot;:50,&quot;end&quot;:100}},&quot;motion_fx_translateY_speed&quot;:{&quot;unit&quot;:&quot;px&quot;,&quot;size&quot;:4,&quot;sizes&quot;:[]},&quot;motion_fx_devices&quot;:[&quot;desktop&quot;,&quot;tablet&quot;,&quot;mobile&quot;]}\" data-widget_type=\"heading.default\">\n\t\t\t\t<div class=\"elementor-widget-container\">\n\t\t\t\t\t<h1 class=\"elementor-heading-title elementor-size-default\">Regulation<\/h1>\t\t\t\t<\/div>\n\t\t\t\t<\/div>\n\t\t\t\t\t<\/div>\n\t\t\t\t<\/div>\n\t\t\t\t<\/div>\n\t\t<div class=\"elementor-element elementor-element-2faa1f7 e-flex e-con-boxed e-con e-parent\" data-id=\"2faa1f7\" data-element_type=\"container\" data-e-type=\"container\">\n\t\t\t\t\t<div class=\"e-con-inner\">\n\t\t\t\t<div class=\"elementor-element elementor-element-e0b24f8 elementor-widget elementor-widget-ucaddon_uc_icon_accordion\" data-id=\"e0b24f8\" data-element_type=\"widget\" data-e-type=\"widget\" data-widget_type=\"ucaddon_uc_icon_accordion.default\">\n\t\t\t\t<div class=\"elementor-widget-container\">\n\t\t\t\t\t\n<!-- start Icon Accordion -->\n\t\t<link id='font-awesome-css' href='https:\/\/zmbss.org\/wp-content\/plugins\/unlimited-elements-for-elementor-premium\/assets_libraries\/font-awesome6\/fontawesome-all.min.css' type='text\/css' rel='stylesheet' >\n\t\t<link id='font-awesome-4-shim-css' href='https:\/\/zmbss.org\/wp-content\/plugins\/unlimited-elements-for-elementor-premium\/assets_libraries\/font-awesome6\/fontawesome-v4-shims.min.css' type='text\/css' rel='stylesheet' >\n\n<style>\/* widget: Icon Accordion *\/\n\n#uc_uc_icon_accordion_elementor_e0b24f8 *{\n\tbox-sizing: border-box;\n}\n\n#uc_uc_icon_accordion_elementor_e0b24f8 .uc_container .uc-heading{\n\tcursor:pointer;\n    display:flex;\n    align-items:center;\n    transition:0.3s;\n}\n\n#uc_uc_icon_accordion_elementor_e0b24f8 .uc_container .uc-heading span.bbb{\n\tdisplay:block;\t  \n}\n\n#uc_uc_icon_accordion_elementor_e0b24f8 .uc_ac_box.uc-item-active span.uc_dactive{\n\tdisplay:none;\n}\n\n#uc_uc_icon_accordion_elementor_e0b24f8 .uc_ac_box:not(.uc-item-active) span.uc_active{\n\tdisplay:none;\n}\n\n#uc_uc_icon_accordion_elementor_e0b24f8 .ue_icon_holder,\n#uc_uc_icon_accordion_elementor_e0b24f8 .ue_icon_spacing{\n  flex-grow:0;\n  flex-shrink:0; \n}\n\n#uc_uc_icon_accordion_elementor_e0b24f8 .uc_content{\n\tdisplay: none;\n}\n\n#uc_uc_icon_accordion_elementor_e0b24f8 .ue_icon{\n  display:flex;\n  justify-content:center;\n  align-items:center;\n  line-height:1em;\n  transition:0.3s;\n}\n\n#uc_uc_icon_accordion_elementor_e0b24f8 .ue_icon svg{\n  height:1em;\n  width:1em;\n}\n\n#uc_uc_icon_accordion_elementor_e0b24f8 .ue_expand_inside{\n  display:flex;\n  justify-content:center;\n  align-items:center;\n  line-height:1em;\n}\n\n#uc_uc_icon_accordion_elementor_e0b24f8 .ue_expand_inside svg{\n  height:1em;\n  width:1em;\n}\n\n#uc_uc_icon_accordion_elementor_e0b24f8 .ue_expand,\n#uc_uc_icon_accordion_elementor_e0b24f8 .ue_expand_spacing{\n  flex-grow:0;\n  flex-shrink:0;\n}\n\n#uc_uc_icon_accordion_elementor_e0b24f8 .ue_title{\n  flex-grow:1;\n}\n\n#uc_uc_icon_accordion_elementor_e0b24f8 .uc_ac_box:last-child{\n  margin-bottom:0px;\n}\n\n#uc_uc_icon_accordion_elementor_e0b24f8 .uc_ac_box{\n  overflow:hidden;\n}\n\n<\/style>\n\n<div class=\"uc_material_accordion\"  id=\"uc_uc_icon_accordion_elementor_e0b24f8\" data-name=\"\" data-closeothers=\"true\"  data-scrolltohead=\"off\">\n  <div class=\"uc_container uc-items-wrapper\">\n    \n\n<div id=\"uc_uc_icon_accordion_elementor_e0b24f8_item1\" class=\"uc_ac_box  elementor-repeater-item-2f5fc75\">\n  <div class=\"uc-heading uc_trigger\" role=\"button\" aria-controls=\"uc_uc_icon_accordion_elementor_e0b24f8_item1-content\" tabindex=\"0\" aria-expanded=\"false\">\n    \n          <div class=\"ue_icon_holder\">\n        <div class=\"ue_icon\"><i class='fas fa-file-alt'><\/i><\/div>\n      <\/div>\n      <div class=\"ue_icon_spacing\"><\/div>\n        \n    <div id=\"uc_uc_icon_accordion_elementor_e0b24f8_item1-title\" class=\"ue_title\"> Statute<\/div>    \n    \n          <div class=\"ue_expand_spacing\"><\/div>\n      <div class=\"ue_expand\">\n        <div class=\"ue_expand_inside\">\n          <span class=\"uc_dactive bbb ue_accordion_icon\" ><i class='fas fa-plus'><\/i><\/span>\n          <span class=\"uc_active bbb ue_accordion_icon\"><i class='fas fa-minus'><\/i><\/span>\n        <\/div>\n      <\/div>\n        \n  <\/div>\n  \n  <div id=\"uc_uc_icon_accordion_elementor_e0b24f8_item1-content\" class=\"uc_content\" role=\"region\" aria-labelledby=\"uc_uc_icon_accordion_elementor_e0b24f8_item1-title\" >\n          <p class=\"algc\"><em>Under the law of associations (\"Sl. glasnik RS\", br. 51\/2009) and art. 22 of the agreement on the establishment of the community of music and ballet schools of Serbia, at the session of the Assembly held on 25. 11. 2015. the statute of the community of music and ballet schools of Serbia was adopted<\/em>.<\/p><p class=\"gk-numblock\" data-style=\"style2\">The community of music and ballet schools of Serbia is a voluntary, non-governmental, non-profit, professional organization in which the music and ballet schools of Serbia join, with the aim of uniting, on the principles of reciprocity and solidarity, common goals, needs and interests in the field of music and ballet education and upbringing.<\/p><p class=\"gk-numblock\" data-style=\"style2\">ZMB\u0160S has the status of a legal entity with rights, obligations and responsibilities defined by the law and this statute. The full name of the organization is <strong>Zajednica muzi\u010dkih I baletskih \u0161kola Srbije\/Zajednica muzi\u010dkih I baletskih \u0161kola Srbije \/ the Association of Music and Ballet Schools of Serbia<\/strong>. The community's abbreviated name is \u0417\u041c\u0411\u0428\u0421 \/ ZMB\u0160S.<\/p><p><a class=\"btn\" href=\"https:\/\/zmbss.org\/wp-content\/uploads\/2023\/10\/Statut_nov_2023.pdf\" target=\"_blank\" rel=\"noopener noreferrer\">Statute<\/a><\/p>\n     \n    \n     \n    \n  <\/div>\n<\/div>\n\n\n<div id=\"uc_uc_icon_accordion_elementor_e0b24f8_item2\" class=\"uc_ac_box  elementor-repeater-item-dcdfe10\">\n  <div class=\"uc-heading uc_trigger\" role=\"button\" aria-controls=\"uc_uc_icon_accordion_elementor_e0b24f8_item2-content\" tabindex=\"0\" aria-expanded=\"false\">\n    \n          <div class=\"ue_icon_holder\">\n        <div class=\"ue_icon\"><i class='far fa-file-alt'><\/i><\/div>\n      <\/div>\n      <div class=\"ue_icon_spacing\"><\/div>\n        \n    <div id=\"uc_uc_icon_accordion_elementor_e0b24f8_item2-title\" class=\"ue_title\">Rules of Procedure of the presidency<\/div>    \n    \n          <div class=\"ue_expand_spacing\"><\/div>\n      <div class=\"ue_expand\">\n        <div class=\"ue_expand_inside\">\n          <span class=\"uc_dactive bbb ue_accordion_icon\" ><i class='fas fa-plus'><\/i><\/span>\n          <span class=\"uc_active bbb ue_accordion_icon\"><i class='fas fa-minus'><\/i><\/span>\n        <\/div>\n      <\/div>\n        \n  <\/div>\n  \n  <div id=\"uc_uc_icon_accordion_elementor_e0b24f8_item2-content\" class=\"uc_content\" role=\"region\" aria-labelledby=\"uc_uc_icon_accordion_elementor_e0b24f8_item2-title\" >\n          <p class=\"algc\"><em><a title=\"Community Presidency\" href=\"https:\/\/zmbss.org\/en\/?p=2449\">Presidency\u00a0<\/a>music and ballet schools of Serbia pursuant to Article 22. Meeting, held on the 25th. 08. 2009. the rules of Procedure of the presidency of the Association of music and ballet schools of Serbia<\/em>.<\/p><p class=\"gk-numblock\" data-style=\"style2\">The board of directors performs its duties at the meeting. Members of the ZMB\u0160S presidency, in order to carry out its decisions and conclusions, may perform certain actions and take the necessary measures even outside the session of this body, in accordance with their powers and duties.<\/p><p class=\"gk-numblock\" data-style=\"style2\">In accordance with the provisions of these rules of procedure, they prepare, convene and hold meetings of the presidency of the ZMB\u0160S. The provisions of these rules of procedure shall apply accordingly to the work of commissions, professional bodies and other auxiliary bodies of the ZMB\u0160S (working bodies).<\/p><p><a class=\"btn\" href=\"https:\/\/zmbss.org\/en\/download\/poslovnik.pdf\/?2017\" target=\"_blank\" rel=\"noopener noreferrer\">Rules of procedure<\/a>\u00a0<\/p>\n     \n    \n     \n    \n  <\/div>\n<\/div>\n\n\n<div id=\"uc_uc_icon_accordion_elementor_e0b24f8_item3\" class=\"uc_ac_box  elementor-repeater-item-6451552\">\n  <div class=\"uc-heading uc_trigger\" role=\"button\" aria-controls=\"uc_uc_icon_accordion_elementor_e0b24f8_item3-content\" tabindex=\"0\" aria-expanded=\"false\">\n    \n          <div class=\"ue_icon_holder\">\n        <div class=\"ue_icon\"><i class='far fa-file-alt'><\/i><\/div>\n      <\/div>\n      <div class=\"ue_icon_spacing\"><\/div>\n        \n    <div id=\"uc_uc_icon_accordion_elementor_e0b24f8_item3-title\" class=\"ue_title\">Rulebook of the Republic competition of students of music and ballet schools of Serbia<\/div>    \n    \n          <div class=\"ue_expand_spacing\"><\/div>\n      <div class=\"ue_expand\">\n        <div class=\"ue_expand_inside\">\n          <span class=\"uc_dactive bbb ue_accordion_icon\" ><i class='fas fa-plus'><\/i><\/span>\n          <span class=\"uc_active bbb ue_accordion_icon\"><i class='fas fa-minus'><\/i><\/span>\n        <\/div>\n      <\/div>\n        \n  <\/div>\n  \n  <div id=\"uc_uc_icon_accordion_elementor_e0b24f8_item3-content\" class=\"uc_content\" role=\"region\" aria-labelledby=\"uc_uc_icon_accordion_elementor_e0b24f8_item3-title\" >\n          <p class=\"gk-numblock\" data-style=\"style2\">The Republic competition is a public music pedagogical event in which regular and part-time students of primary and secondary music and ballet schools of Serbia participate.<\/p><p class=\"gk-numblock\" data-style=\"style2\">The competition is conducted in accordance with <a href=\"https:\/\/zmbss.org\/download\/pravilnik_rt.pdf\" target=\"_blank\" rel=\"noopener noreferrer\">The competition rules<\/a>, Regulations on the work of the jury of the competition and the rules of the competition. The regulations regulate the elements related to the organization of the competition, and the regulations regulate the programs of competition disciplines and categories of competitors.<\/p><p class=\"gk-numblock\" data-style=\"style2\"><a class=\"btn\" href=\"https:\/\/zmbss.org\/en\/download\/pravilnik_rt.pdf\/?2017\" target=\"_blank\" rel=\"noopener noreferrer\">Regulations<\/a>\u00a0<\/p>\n     \n    \n     \n    \n  <\/div>\n<\/div>\n\n\n<div id=\"uc_uc_icon_accordion_elementor_e0b24f8_item4\" class=\"uc_ac_box  elementor-repeater-item-5bdd77a\">\n  <div class=\"uc-heading uc_trigger\" role=\"button\" aria-controls=\"uc_uc_icon_accordion_elementor_e0b24f8_item4-content\" tabindex=\"0\" aria-expanded=\"false\">\n    \n          <div class=\"ue_icon_holder\">\n        <div class=\"ue_icon\"><i class='far fa-file-alt'><\/i><\/div>\n      <\/div>\n      <div class=\"ue_icon_spacing\"><\/div>\n        \n    <div id=\"uc_uc_icon_accordion_elementor_e0b24f8_item4-title\" class=\"ue_title\">Rulebook on the work of the jury of the Republic competition of students of music and ballet schools of Serbia<\/div>    \n    \n          <div class=\"ue_expand_spacing\"><\/div>\n      <div class=\"ue_expand\">\n        <div class=\"ue_expand_inside\">\n          <span class=\"uc_dactive bbb ue_accordion_icon\" ><i class='fas fa-plus'><\/i><\/span>\n          <span class=\"uc_active bbb ue_accordion_icon\"><i class='fas fa-minus'><\/i><\/span>\n        <\/div>\n      <\/div>\n        \n  <\/div>\n  \n  <div id=\"uc_uc_icon_accordion_elementor_e0b24f8_item4-content\" class=\"uc_content\" role=\"region\" aria-labelledby=\"uc_uc_icon_accordion_elementor_e0b24f8_item4-title\" >\n          <p class=\"gk-numblock\" data-style=\"style2\">Jury members are selected from the ranks of prominent music and ballet educators and reproductive artists, conductors and chamber musicians, from the country and abroad.<\/p><p><a class=\"btn\" href=\"https:\/\/zmbss.org\/en\/download\/pravilnik_rtziri.pdf\/?2017\" target=\"_blank\" rel=\"noopener noreferrer\">Regulations<\/a>\u00a0<\/p>\n     \n    \n     \n    \n  <\/div>\n<\/div>\n\n\n<div id=\"uc_uc_icon_accordion_elementor_e0b24f8_item5\" class=\"uc_ac_box  elementor-repeater-item-77f8988\">\n  <div class=\"uc-heading uc_trigger\" role=\"button\" aria-controls=\"uc_uc_icon_accordion_elementor_e0b24f8_item5-content\" tabindex=\"0\" aria-expanded=\"false\">\n    \n          <div class=\"ue_icon_holder\">\n        <div class=\"ue_icon\"><i class='far fa-file-alt'><\/i><\/div>\n      <\/div>\n      <div class=\"ue_icon_spacing\"><\/div>\n        \n    <div id=\"uc_uc_icon_accordion_elementor_e0b24f8_item5-title\" class=\"ue_title\"> Regulation on the Organization of the festival of music and ballet schools of Serbia<\/div>    \n    \n          <div class=\"ue_expand_spacing\"><\/div>\n      <div class=\"ue_expand\">\n        <div class=\"ue_expand_inside\">\n          <span class=\"uc_dactive bbb ue_accordion_icon\" ><i class='fas fa-plus'><\/i><\/span>\n          <span class=\"uc_active bbb ue_accordion_icon\"><i class='fas fa-minus'><\/i><\/span>\n        <\/div>\n      <\/div>\n        \n  <\/div>\n  \n  <div id=\"uc_uc_icon_accordion_elementor_e0b24f8_item5-content\" class=\"uc_content\" role=\"region\" aria-labelledby=\"uc_uc_icon_accordion_elementor_e0b24f8_item5-title\" >\n          <p class=\"gk-numblock\" data-style=\"style2\">This <a href=\"https:\/\/zmbss.org\/wp-content\/uploads\/2026\/02\/Pravilnik-o-organizaciji-festivala-2026.pdf\" target=\"_blank\" rel=\"noopener noreferrer\">Rulebook<\/a>\u00a0the goals, the Realizer, the manner and time of realization, the obligations of the participants, the manner of evaluating the competitors, propositions and other activities related to the holding of the festival of music and ballet schools of Serbia are regulated.<\/p><p class=\"gk-numblock\" data-style=\"style2\">The Festival is a regular annual review of music and pedagogical achievements of schools for primary music and ballet education, the only event of a competitive character in which students perform and rank as a team.<\/p><p><a class=\"btn\" href=\"https:\/\/zmbss.org\/wp-content\/uploads\/2026\/02\/Pravilnik-o-organizaciji-festivala-2026.pdf\" target=\"_blank\" rel=\"noopener noreferrer\">Regulations<\/a>\u00a0<\/p>\n     \n    \n     \n    \n  <\/div>\n<\/div>\n\n\n<div id=\"uc_uc_icon_accordion_elementor_e0b24f8_item6\" class=\"uc_ac_box  elementor-repeater-item-4c9e3ad\">\n  <div class=\"uc-heading uc_trigger\" role=\"button\" aria-controls=\"uc_uc_icon_accordion_elementor_e0b24f8_item6-content\" tabindex=\"0\" aria-expanded=\"false\">\n    \n          <div class=\"ue_icon_holder\">\n        <div class=\"ue_icon\"><i class='far fa-file-alt'><\/i><\/div>\n      <\/div>\n      <div class=\"ue_icon_spacing\"><\/div>\n        \n    <div id=\"uc_uc_icon_accordion_elementor_e0b24f8_item6-title\" class=\"ue_title\">Rules of procedure of the jury of the festival of music and ballet schools of Serbia<\/div>    \n    \n          <div class=\"ue_expand_spacing\"><\/div>\n      <div class=\"ue_expand\">\n        <div class=\"ue_expand_inside\">\n          <span class=\"uc_dactive bbb ue_accordion_icon\" ><i class='fas fa-plus'><\/i><\/span>\n          <span class=\"uc_active bbb ue_accordion_icon\"><i class='fas fa-minus'><\/i><\/span>\n        <\/div>\n      <\/div>\n        \n  <\/div>\n  \n  <div id=\"uc_uc_icon_accordion_elementor_e0b24f8_item6-content\" class=\"uc_content\" role=\"region\" aria-labelledby=\"uc_uc_icon_accordion_elementor_e0b24f8_item6-title\" >\n          <p class=\"gk-numblock\" data-style=\"style2\">Jury members are selected from the ranks of prominent music and ballet educators and reproductive artists, conductors and chamber musicians, from the country and abroad.<\/p><p><a class=\"btn\" href=\"https:\/\/zmbss.org\/wp-content\/uploads\/2023\/05\/poslovnik_o_radu_zirija_republickog_takmicenja.pdf\" target=\"_blank\" rel=\"noopener noreferrer\">Rules of procedure<\/a>\u00a0<\/p>\n     \n    \n     \n    \n  <\/div>\n<\/div>\n\n\n<div id=\"uc_uc_icon_accordion_elementor_e0b24f8_item7\" class=\"uc_ac_box  elementor-repeater-item-d3309c9\">\n  <div class=\"uc-heading uc_trigger\" role=\"button\" aria-controls=\"uc_uc_icon_accordion_elementor_e0b24f8_item7-content\" tabindex=\"0\" aria-expanded=\"false\">\n    \n          <div class=\"ue_icon_holder\">\n        <div class=\"ue_icon\"><i class='far fa-file-alt'><\/i><\/div>\n      <\/div>\n      <div class=\"ue_icon_spacing\"><\/div>\n        \n    <div id=\"uc_uc_icon_accordion_elementor_e0b24f8_item7-title\" class=\"ue_title\">Rulebook on the awarding of the ZMB\u0160S award<\/div>    \n    \n          <div class=\"ue_expand_spacing\"><\/div>\n      <div class=\"ue_expand\">\n        <div class=\"ue_expand_inside\">\n          <span class=\"uc_dactive bbb ue_accordion_icon\" ><i class='fas fa-plus'><\/i><\/span>\n          <span class=\"uc_active bbb ue_accordion_icon\"><i class='fas fa-minus'><\/i><\/span>\n        <\/div>\n      <\/div>\n        \n  <\/div>\n  \n  <div id=\"uc_uc_icon_accordion_elementor_e0b24f8_item7-content\" class=\"uc_content\" role=\"region\" aria-labelledby=\"uc_uc_icon_accordion_elementor_e0b24f8_item7-title\" >\n          <p>The rulebook on awarding the annual award of the community of music and ballet schools of Serbia regulates the conditions, manner and procedure of awarding the annual award of the community of music and ballet schools of Serbia.\u00a0<\/p><p><a class=\"btn\" href=\"https:\/\/zmbss.org\/download\/pravilnik_nagrada.pdf\" target=\"_blank\" rel=\"noopener noreferrer\">Regulations<\/a>\u00a0<\/p>\n     \n    \n     \n    \n  <\/div>\n<\/div>\n\n\n<div id=\"uc_uc_icon_accordion_elementor_e0b24f8_item8\" class=\"uc_ac_box  elementor-repeater-item-9305bc5\">\n  <div class=\"uc-heading uc_trigger\" role=\"button\" aria-controls=\"uc_uc_icon_accordion_elementor_e0b24f8_item8-content\" tabindex=\"0\" aria-expanded=\"false\">\n    \n          <div class=\"ue_icon_holder\">\n        <div class=\"ue_icon\"><i class='far fa-file-alt'><\/i><\/div>\n      <\/div>\n      <div class=\"ue_icon_spacing\"><\/div>\n        \n    <div id=\"uc_uc_icon_accordion_elementor_e0b24f8_item8-title\" class=\"ue_title\">Competition ranking standards<\/div>    \n    \n          <div class=\"ue_expand_spacing\"><\/div>\n      <div class=\"ue_expand\">\n        <div class=\"ue_expand_inside\">\n          <span class=\"uc_dactive bbb ue_accordion_icon\" ><i class='fas fa-plus'><\/i><\/span>\n          <span class=\"uc_active bbb ue_accordion_icon\"><i class='fas fa-minus'><\/i><\/span>\n        <\/div>\n      <\/div>\n        \n  <\/div>\n  \n  <div id=\"uc_uc_icon_accordion_elementor_e0b24f8_item8-content\" class=\"uc_content\" role=\"region\" aria-labelledby=\"uc_uc_icon_accordion_elementor_e0b24f8_item8-title\" >\n          <p>The community adopts standards for ranking competitions in the country and abroad in the field of music and ballet arts. Standards are applied in a competition to reward high school students for their achievements.<\/p><p><a class=\"btn\" href=\"https:\/\/zmbss.org\/wp-content\/uploads\/2025\/02\/%D0%A1%D0%A2%D0%90%D0%9D%D0%94%D0%90%D0%A0%D0%94%D0%98-%D0%A2%D0%90%D0%9A%D0%9C%D0%98%D0%A7%D0%95%D0%8A%D0%90-%D0%97%D0%9C%D0%91%D0%A8%D0%A1-2024.pdf\" target=\"_blank\" rel=\"noopener noreferrer\">Standards<\/a>\u00a0<\/p>\n     \n    \n     \n    \n  <\/div>\n<\/div>\n\n  <\/div>\n<\/div>\n<!-- end Icon Accordion -->\t\t\t\t<\/div>\n\t\t\t\t<\/div>\n\t\t\t\t\t<\/div>\n\t\t\t\t<\/div>\n\t\t\t\t<\/div>","protected":false},"excerpt":{"rendered":"<p>Regulativa Statut Na osnovu Zakona o udru\u017eenjima (\u201eSl. glasnik RS\u201c, br. 51\/2009) i \u010dl. 22 Ugovora o osnivanju Zajednice muzi\u010dkih i baletskih \u0161kola Srbije, na sednici Skup\u0161tine odr\u017eanoj 25. 11. 2015. usvojen je Statut Zajednice muzi\u010dkih i baletskih \u0161kola Srbije. Zajednica muzi\u010dkih i baletskih \u0161kola Srbije je dobrovoljna, nevladina, nedobitna, strukovna organizacija u koju se [&hellip;]<\/p>","protected":false},"author":1,"featured_media":0,"parent":0,"menu_order":0,"comment_status":"open","ping_status":"closed","template":"elementor_header_footer","meta":{"site-sidebar-layout":"default","site-content-layout":"","ast-site-content-layout":"full-width-container","site-content-style":"default","site-sidebar-style":"default","ast-global-header-display":"","ast-banner-title-visibility":"","ast-main-header-display":"","ast-hfb-above-header-display":"","ast-hfb-below-header-display":"","ast-hfb-mobile-header-display":"","site-post-title":"disabled","ast-breadcrumbs-content":"","ast-featured-img":"","footer-sml-layout":"","ast-disable-related-posts":"","theme-transparent-header-meta":"","adv-header-id-meta":"","stick-header-meta":"","header-above-stick-meta":"","header-main-stick-meta":"","header-below-stick-meta":"","astra-migrate-meta-layouts":"set","ast-page-background-enabled":"default","ast-page-background-meta":{"desktop":{"background-color":"var(--ast-global-color-4)","background-image":"","background-repeat":"repeat","background-position":"center center","background-size":"auto","background-attachment":"scroll","background-type":"","background-media":"","overlay-type":"","overlay-color":"","overlay-opacity":"","overlay-gradient":""},"tablet":{"background-color":"","background-image":"","background-repeat":"repeat","background-position":"center center","background-size":"auto","background-attachment":"scroll","background-type":"","background-media":"","overlay-type":"","overlay-color":"","overlay-opacity":"","overlay-gradient":""},"mobile":{"background-color":"","background-image":"","background-repeat":"repeat","background-position":"center center","background-size":"auto","background-attachment":"scroll","background-type":"","background-media":"","overlay-type":"","overlay-color":"","overlay-opacity":"","overlay-gradient":""}},"ast-content-background-meta":{"desktop":{"background-color":"var(--ast-global-color-5)","background-image":"","background-repeat":"repeat","background-position":"center center","background-size":"auto","background-attachment":"scroll","background-type":"","background-media":"","overlay-type":"","overlay-color":"","overlay-opacity":"","overlay-gradient":""},"tablet":{"background-color":"var(--ast-global-color-5)","background-image":"","background-repeat":"repeat","background-position":"center center","background-size":"auto","background-attachment":"scroll","background-type":"","background-media":"","overlay-type":"","overlay-color":"","overlay-opacity":"","overlay-gradient":""},"mobile":{"background-color":"var(--ast-global-color-5)","background-image":"","background-repeat":"repeat","background-position":"center center","background-size":"auto","background-attachment":"scroll","background-type":"","background-media":"","overlay-type":"","overlay-color":"","overlay-opacity":"","overlay-gradient":""}},"footnotes":""},"class_list":["post-2809","page","type-page","status-publish","hentry"],"_links":{"self":[{"href":"https:\/\/zmbss.org\/en\/wp-json\/wp\/v2\/pages\/2809","targetHints":{"allow":["GET"]}}],"collection":[{"href":"https:\/\/zmbss.org\/en\/wp-json\/wp\/v2\/pages"}],"about":[{"href":"https:\/\/zmbss.org\/en\/wp-json\/wp\/v2\/types\/page"}],"author":[{"embeddable":true,"href":"https:\/\/zmbss.org\/en\/wp-json\/wp\/v2\/users\/1"}],"replies":[{"embeddable":true,"href":"https:\/\/zmbss.org\/en\/wp-json\/wp\/v2\/comments?post=2809"}],"version-history":[{"count":12,"href":"https:\/\/zmbss.org\/en\/wp-json\/wp\/v2\/pages\/2809\/revisions"}],"predecessor-version":[{"id":9248,"href":"https:\/\/zmbss.org\/en\/wp-json\/wp\/v2\/pages\/2809\/revisions\/9248"}],"wp:attachment":[{"href":"https:\/\/zmbss.org\/en\/wp-json\/wp\/v2\/media?parent=2809"}],"curies":[{"name":"wp","href":"https:\/\/api.w.org\/{rel}","templated":true}]}}